{"id":55,"date":"2019-01-10T12:56:59","date_gmt":"2019-01-10T12:56:59","guid":{"rendered":"http:\/\/braun.asgard-it.org\/wordpress\/?page_id=55"},"modified":"2019-01-11T10:58:40","modified_gmt":"2019-01-11T10:58:40","slug":"startseite","status":"publish","type":"page","link":"https:\/\/rechtsanwalt-braun.eu\/","title":{"rendered":"Startseite"},"content":{"rendered":"\n<div class=\"wp-block-image\"><figure class=\"alignleft is-resized\"><img loading=\"lazy\" decoding=\"async\" src=\"https:\/\/rechtsanwalt-braun.eu\/wp-content\/uploads\/2019\/01\/MG_9896-1.jpg\" alt=\"\" class=\"wp-image-143\" width=\"214\" height=\"299\"\/><\/figure><\/div>\n\n\n\n<p><\/p>\n\n\n\n<blockquote class=\"wp-block-quote is-layout-flow wp-block-quote-is-layout-flow\"><p>&#8222;Wenn es keine schlechten Menschen g\u00e4be,  g\u00e4be es keine guten Juristen.&#8220; <\/p><cite> Charles Dickens  <\/cite><\/blockquote>\n\n\n\n<p><\/p>\n\n\n\n<br>\n<br>\n<br>\n<br>\n<br>\n\n\n\n<p><\/p>\n\n\n\n<p>\nWillkommen auf den Internetseiten der Rechtsanwaltskanzlei Raimund Braun.\n  Bei Fragen des Straf- und Ordnungswidrigkeitenrechts sowie bei Verkehrsunf\u00e4llen \n  sind Sie bei mir in guten H\u00e4nden. Dar\u00fcber hinaus bin ich f\u00fcr Wohnungseigent\u00fcmer-\n  gemeinschaften als Verwalter t\u00e4tig.\n\n<\/p>\n","protected":false},"excerpt":{"rendered":"<p>&#8222;Wenn es keine schlechten Menschen g\u00e4be, g\u00e4be es keine guten Juristen.&#8220; Charles Dickens Willkommen auf den Internetseiten der Rechtsanwaltskanzlei Raimund Braun. Bei Fragen des Straf- und Ordnungswidrigkeitenrechts sowie bei Verkehrsunf\u00e4llen sind Sie bei mir in guten H\u00e4nden. Dar\u00fcber hinaus bin ich f\u00fcr Wohnungseigent\u00fcmer- gemeinschaften als Verwalter t\u00e4tig.<\/p>\n","protected":false},"author":2,"featured_media":0,"parent":0,"menu_order":0,"comment_status":"closed","ping_status":"closed","template":"","meta":{"footnotes":""},"class_list":["post-55","page","type-page","status-publish","hentry"],"_links":{"self":[{"href":"https:\/\/rechtsanwalt-braun.eu\/index.php?rest_route=\/wp\/v2\/pages\/55","targetHints":{"allow":["GET"]}}],"collection":[{"href":"https:\/\/rechtsanwalt-braun.eu\/index.php?rest_route=\/wp\/v2\/pages"}],"about":[{"href":"https:\/\/rechtsanwalt-braun.eu\/index.php?rest_route=\/wp\/v2\/types\/page"}],"author":[{"embeddable":true,"href":"https:\/\/rechtsanwalt-braun.eu\/index.php?rest_route=\/wp\/v2\/users\/2"}],"replies":[{"embeddable":true,"href":"https:\/\/rechtsanwalt-braun.eu\/index.php?rest_route=%2Fwp%2Fv2%2Fcomments&post=55"}],"version-history":[{"count":4,"href":"https:\/\/rechtsanwalt-braun.eu\/index.php?rest_route=\/wp\/v2\/pages\/55\/revisions"}],"predecessor-version":[{"id":178,"href":"https:\/\/rechtsanwalt-braun.eu\/index.php?rest_route=\/wp\/v2\/pages\/55\/revisions\/178"}],"wp:attachment":[{"href":"https:\/\/rechtsanwalt-braun.eu\/index.php?rest_route=%2Fwp%2Fv2%2Fmedia&parent=55"}],"curies":[{"name":"wp","href":"https:\/\/api.w.org\/{rel}","templated":true}]}}